{"id":7507,"date":"2020-04-22T11:38:22","date_gmt":"2020-04-22T15:38:22","guid":{"rendered":"https:\/\/ccicubacanada.org\/zone-membres\/"},"modified":"2023-06-11T14:45:38","modified_gmt":"2023-06-11T18:45:38","slug":"zone-membres","status":"publish","type":"page","link":"https:\/\/ccicubacanada.org\/es\/zone-membres\/","title":{"rendered":"Zone Membres"},"content":{"rendered":"","protected":false},"excerpt":{"rendered":"","protected":false},"author":1,"featured_media":0,"parent":0,"menu_order":0,"comment_status":"closed","ping_status":"closed","template":"","meta":{"_themeisle_gutenberg_block_has_review":false,"footnotes":""},"class_list":["post-7507","page","type-page","status-publish","post-password-required","hentry","rcp-is-restricted","rcp-no-access"],"jetpack-related-posts":[{"id":2445,"url":"https:\/\/ccicubacanada.org\/direction-et-comites\/","url_meta":{"origin":7507,"position":0},"title":"Direction et comit\u00e9s","author":"Cyril Arnaud","date":"diciembre 2, 2019","format":false,"excerpt":"La chambre de commerce m\u00e8ne de nombreuses activit\u00e9s et d\u00e9veloppe sans cesse de nouveaux projets. Ces activit\u00e9s sont rendues possible par l'appui constant que notre direction re\u00e7oit de ses membres et de ses b\u00e9n\u00e9voles. Direction G\u00e9n\u00e9rale La Direction G\u00e9n\u00e9rale est assum\u00e9e par Cyril Arnaud. C'est lui qui s'occupe des op\u00e9rations\u2026","rel":"","context":"Entrada similar","block_context":{"text":"Entrada similar","link":""},"img":{"alt_text":"","src":"https:\/\/i0.wp.com\/ccicubacanada.org\/wp-content\/uploads\/2018\/05\/Ariolix-profile.jpg?resize=350%2C200&quality=89&ssl=1","width":350,"height":200},"classes":[]},{"id":7505,"url":"https:\/\/ccicubacanada.org\/en\/zone-membres\/","url_meta":{"origin":7507,"position":1},"title":"Zone Membres","author":"Cyril Arnaud","date":"abril 22, 2020","format":false,"excerpt":"Vous trouverez dans cette section des documents et des informations pertinentes pour votre d\u00e9veloppement d'affaires avec Cuba Les comit\u00e9s de la CCICC Nous avons mis en place plusieurs comit\u00e9s pour g\u00e9rer et organiser plusieurs des activit\u00e9s de la chambre de commerce. En voici la liste, si vous voulez participer aux\u2026","rel":"","context":"Entrada similar","block_context":{"text":"Entrada similar","link":""},"img":{"alt_text":"","src":"","width":0,"height":0},"classes":[]},{"id":5502,"url":"https:\/\/ccicubacanada.org\/zone-membres\/","url_meta":{"origin":7507,"position":2},"title":"Zone Membres","author":"Cyril Arnaud","date":"abril 22, 2020","format":false,"excerpt":"Vous trouverez dans cette section des documents et des informations pertinentes pour votre d\u00e9veloppement d'affaires avec Cuba Les comit\u00e9s de la CCICC Nous avons mis en place plusieurs comit\u00e9s pour g\u00e9rer et organiser plusieurs des activit\u00e9s de la chambre de commerce. En voici la liste, si vous voulez participer aux\u2026","rel":"","context":"Entrada similar","block_context":{"text":"Entrada similar","link":""},"img":{"alt_text":"","src":"","width":0,"height":0},"classes":[]},{"id":1166,"url":"https:\/\/ccicubacanada.org\/direction-et-comites\/comite-solidarite-de-la-ccicc\/","url_meta":{"origin":7507,"position":3},"title":"Comit\u00e9 Solidarit\u00e9 de la CCICC","author":"Cyril Arnaud","date":"diciembre 2, 2019","format":false,"excerpt":"Dans le cadre de ses actions visant \u00e0 promouvoir les liens de collaboration entre le Canada et Cuba, le Comit\u00e9 Solidarit\u00e9 de la CCICC rassemble les efforts de ses membres et de toute entit\u00e9 int\u00e9ress\u00e9e par le principe de la solidarit\u00e9 internationale. Par des activit\u00e9s d\u2019information, des interventions de partenariat\u2026","rel":"","context":"Entrada similar","block_context":{"text":"Entrada similar","link":""},"img":{"alt_text":"","src":"https:\/\/i0.wp.com\/ccicubacanada.org\/wp-content\/uploads\/2016\/10\/solidaritecuba.jpg?fit=397%2C298&quality=89&ssl=1&resize=350%2C200","width":350,"height":200},"classes":[]},{"id":5279,"url":"https:\/\/ccicubacanada.org\/es\/direccion-y-comites\/","url_meta":{"origin":7507,"position":4},"title":"Direcci\u00f3n y Comit\u00e9s","author":"Cyril Arnaud","date":"diciembre 2, 2019","format":false,"excerpt":"La C\u00e1mara de Comercio realiza muchas actividades y desarrolla constantemente nuevos proyectos. Estas actividades son posibles gracias al apoyo continuo que nuestra direcci\u00f3n recibe de sus miembros y voluntarios. Direcci\u00f3n General La direcci\u00f3n general es asumida por Cyril Arnaud. \u00c9l es responsable de las operaciones cotidianas de la CCICC y\u2026","rel":"","context":"Entrada similar","block_context":{"text":"Entrada similar","link":""},"img":{"alt_text":"","src":"https:\/\/i0.wp.com\/ccicubacanada.org\/wp-content\/uploads\/2018\/05\/Ariolix-profile.jpg?resize=350%2C200&quality=89&ssl=1","width":350,"height":200},"classes":[]},{"id":5277,"url":"https:\/\/ccicubacanada.org\/es\/direccion-y-comites\/comite-de-solidaridad-de-la-ccicc\/","url_meta":{"origin":7507,"position":5},"title":"Comit\u00e9 de Solidaridad de la CCICC","author":"Cyril Arnaud","date":"diciembre 2, 2019","format":false,"excerpt":"Como parte de sus acciones por promover los v\u00ednculos de cooperaci\u00f3n entre Canad\u00e1 y Cuba, el Comit\u00e9 de Solidaridad de la CCICC re\u00fane los esfuerzos de sus miembros y de cualquier entidad interesada en el principio de la solidaridad internacional. A trav\u00e9s de actividades de informaci\u00f3n, alianzas e intervenciones de\u2026","rel":"","context":"Entrada similar","block_context":{"text":"Entrada similar","link":""},"img":{"alt_text":"","src":"https:\/\/i0.wp.com\/ccicubacanada.org\/wp-content\/uploads\/2016\/10\/solidaritecuba.jpg?fit=397%2C298&quality=89&ssl=1&resize=350%2C200","width":350,"height":200},"classes":[]}],"jetpack_sharing_enabled":true,"jetpack_shortlink":"https:\/\/wp.me\/P7fkeW-1X5","_links":{"self":[{"href":"https:\/\/ccicubacanada.org\/es\/wp-json\/wp\/v2\/pages\/7507","targetHints":{"allow":["GET"]}}],"collection":[{"href":"https:\/\/ccicubacanada.org\/es\/wp-json\/wp\/v2\/pages"}],"about":[{"href":"https:\/\/ccicubacanada.org\/es\/wp-json\/wp\/v2\/types\/page"}],"author":[{"embeddable":true,"href":"https:\/\/ccicubacanada.org\/es\/wp-json\/wp\/v2\/users\/1"}],"replies":[{"embeddable":true,"href":"https:\/\/ccicubacanada.org\/es\/wp-json\/wp\/v2\/comments?post=7507"}],"version-history":[{"count":2,"href":"https:\/\/ccicubacanada.org\/es\/wp-json\/wp\/v2\/pages\/7507\/revisions"}],"predecessor-version":[{"id":7515,"href":"https:\/\/ccicubacanada.org\/es\/wp-json\/wp\/v2\/pages\/7507\/revisions\/7515"}],"wp:attachment":[{"href":"https:\/\/ccicubacanada.org\/es\/wp-json\/wp\/v2\/media?parent=7507"}],"curies":[{"name":"wp","href":"https:\/\/api.w.org\/{rel}","templated":true}]}}